{"id":115,"date":"2017-12-21T16:12:14","date_gmt":"2017-12-21T16:12:14","guid":{"rendered":"http:\/\/81.7.16.149\/?post_type=product&#038;p=115"},"modified":"2026-03-09T21:00:50","modified_gmt":"2026-03-09T20:00:50","slug":"navi-update-next-download-inkl-gratis-freischaltcode","status":"publish","type":"product","link":"https:\/\/carcoding.bayern\/index.php\/product\/navi-update-next-download-inkl-gratis-freischaltcode\/","title":{"rendered":"BMW Navi Update NEXT 2025 Download inkl Gratis Freischaltcode"},"content":{"rendered":"BMW Navi Update NEXT 2025 Download inkl Gratis Freischaltcode\n<p>&#x1f4e6; Der Versand des Download-Links erfolgt unmittelbar nach Zahlungseingang \u2013 du musst also nicht lange warten.<\/p>\n<p>&#x1f4d6; Im Lieferumfang enthalten ist eine detaillierte, bebilderte Schritt-f\u00fcr-Schritt-Anleitung, die dich sicher und verst\u00e4ndlich durch den gesamten Update-Prozess f\u00fchrt.<br \/>\nDank der klaren Darstellung gelingt das Update auch technisch weniger versierten Nutzern problemlos \u2013 Vorkenntnisse sind nicht erforderlich.<\/p>\n<p>&#x1f4be; Ein USB-Stick mit mindestens 32\u202fGB Speicher wird ben\u00f6tigt. Die Nutzung unter Windows wird empfohlen \u2013 auf Mac funktioniert es in den meisten F\u00e4llen ebenfalls.<\/p>\n<p>&#x1f510; Der Freischaltcode wird in der Regel innerhalb von 24\u201348 Stunden nach Zahlungseingang per E-Mail zugestellt \u2013 meist sogar deutlich schneller!<br \/>\nDer Code ist f\u00fcr das Update 2025 lebenslang g\u00fcltig.<\/p>\n<p>Es stehen OST und WEST zum Download bereit. Es kann jeweils nur eine Version installiert werden. Ein Wechsel der Version ist jederzeit m\u00f6glich. Freischaltcode ist gleich.\u00a0<\/p>\n<h3>ABDECKUNG:<\/h3>\n\n<div class=\"sp-wrap sp-wrap-default\">\n<div class=\"sp-head\" title=\"Erweitern\">\nABDECKUNG\n<\/div>\n<div class=\"sp-body folded\">\n<\/p>\n<h1>ABDECKUNG:<\/h1>\n<p><b>In Ost und West voll enthalten:<\/b><br \/>\nBelgien, D\u00e4nemark, Deutschland, Griechenland, Italien, Kroatien, Luxemburg, Niederlande, \u00d6sterreich, Polen, Schweiz, Slowakei, Tschechien, Ungarn, Vatikanstadt<\/p>\n<p><b>Nur in West voll enthalten:<\/b><br \/>\nAndorra, Frankreich, Gibraltar, Gro\u00dfbritannien, Irland, Liechtenstein, Malta, Monaco, Norwegen, Portugal, San Marino, Schweden, Spanien<\/p>\n<p><b>Nur in Ost voll enthalten:<\/b><br \/>\nBulgarien, Estland, Finnland, Kosovo, Lettland, Litauen, Rum\u00e4nien, Russland, Serbien, Slovenien, T\u00fcrkei, Ukraine, Wei\u00dfrussland<\/p>\n<p><b>Nur Hauptstra\u00dfen-Abdeckung in Ost und West:<\/b><br \/>\nAlbanien, Bosnien und Herzegowina, Mazedonien, Moldawien, Montenegro<\/p>\n<p>\n<div class=\"spdiv\">[Einklappen]<\/div>\n<\/div>\n<\/div>\n\n<p>&#x26a0;&#xfe0f; Bitte beachten: Es handelt sich um ein digitales Produkt.<\/p>\n<p>&#x2753; Du bist dir unsicher, ob dieses Produkt zu deinem Fahrzeug passt?<br \/>\nNutze einfach die Suchfunktion auf unserer Startseite oder informiere dich hier: <a href=\"https:\/\/carcoding.bayern\/index.php\/navi-update\/\">BMW Navi Update \u2013 Wie finde ich meine Navi-Version?<\/a><\/p>\n<p>&#x1f697; Wichtig: Dieses Update ist ausschlie\u00dflich f\u00fcr europ\u00e4ische Fahrzeuge geeignet!<br \/>\nRe-Importe oder Regionswechsel werden nicht unterst\u00fctzt. Auch werden nachger\u00fcstete Navigationssysteme nicht unterst\u00fctzt.<\/p>\n","protected":false},"excerpt":{"rendered":"<p>Kinderleichtes Update dank ausf\u00fchrlicher Anleitung, guter Support, schnelle Zustellung der ben\u00f6tigten Daten per Mail | inkl. kostenlosem Freischaltcode<\/p>\n","protected":false},"featured_media":1346843,"comment_status":"open","ping_status":"closed","template":"","meta":[],"pwb-brand":[],"product_cat":[34],"product_tag":[44,90,40,52,53,54,55,56,57,39,49,58,59,60,61,38,62,63,51,50,64,65,66,67,68,69,70,71,72,73,74,75,76,77,78,93,45,80,42,46,37,79,41,43],"class_list":{"0":"post-115","1":"product","2":"type-product","3":"status-publish","4":"has-post-thumbnail","6":"product_cat-download","7":"product_tag-bmw","8":"product_tag-download","9":"product_tag-f10","10":"product_tag-f11","11":"product_tag-f12","12":"product_tag-f13","13":"product_tag-f15","14":"product_tag-f16","15":"product_tag-f18","16":"product_tag-f20","17":"product_tag-f21","18":"product_tag-f22","19":"product_tag-f23","20":"product_tag-f25","21":"product_tag-f26","22":"product_tag-f30","23":"product_tag-f31","24":"product_tag-f32","25":"product_tag-f33","26":"product_tag-f34","27":"product_tag-f35","28":"product_tag-f36","29":"product_tag-f39","30":"product_tag-f45","31":"product_tag-f46","32":"product_tag-f48","33":"product_tag-f49","34":"product_tag-f52","35":"product_tag-f80","36":"product_tag-f82","37":"product_tag-f83","38":"product_tag-f85","39":"product_tag-f86","40":"product_tag-f87","41":"product_tag-f90","42":"product_tag-fast","43":"product_tag-freischaltcode","44":"product_tag-fsc","45":"product_tag-karten","46":"product_tag-kostenlos","47":"product_tag-navi-update","48":"product_tag-naviupdate","49":"product_tag-software","50":"product_tag-update","51":"product_shipping_class-kostenloser-versand","53":"first","54":"instock","55":"sale","56":"downloadable","57":"taxable","58":"shipping-taxable","59":"purchasable","60":"product-type-simple"},"jetpack_sharing_enabled":true,"brands":[],"_links":{"self":[{"href":"https:\/\/carcoding.bayern\/index.php\/wp-json\/wp\/v2\/product\/115","targetHints":{"allow":["GET"]}}],"collection":[{"href":"https:\/\/carcoding.bayern\/index.php\/wp-json\/wp\/v2\/product"}],"about":[{"href":"https:\/\/carcoding.bayern\/index.php\/wp-json\/wp\/v2\/types\/product"}],"replies":[{"embeddable":true,"href":"https:\/\/carcoding.bayern\/index.php\/wp-json\/wp\/v2\/comments?post=115"}],"wp:featuredmedia":[{"embeddable":true,"href":"https:\/\/carcoding.bayern\/index.php\/wp-json\/wp\/v2\/media\/1346843"}],"wp:attachment":[{"href":"https:\/\/carcoding.bayern\/index.php\/wp-json\/wp\/v2\/media?parent=115"}],"wp:term":[{"taxonomy":"pwb-brand","embeddable":true,"href":"https:\/\/carcoding.bayern\/index.php\/wp-json\/wp\/v2\/pwb-brand?post=115"},{"taxonomy":"product_cat","embeddable":true,"href":"https:\/\/carcoding.bayern\/index.php\/wp-json\/wp\/v2\/product_cat?post=115"},{"taxonomy":"product_tag","embeddable":true,"href":"https:\/\/carcoding.bayern\/index.php\/wp-json\/wp\/v2\/product_tag?post=115"}],"curies":[{"name":"wp","href":"https:\/\/api.w.org\/{rel}","templated":true}]}}