{"id":117,"date":"2017-12-21T16:33:09","date_gmt":"2017-12-21T16:33:09","guid":{"rendered":"http:\/\/81.7.16.149\/?post_type=product&#038;p=117"},"modified":"2026-03-10T22:19:45","modified_gmt":"2026-03-10T21:19:45","slug":"navi-update-motion-download-inkl-gratis-freischaltcode","status":"publish","type":"product","link":"https:\/\/carcoding.bayern\/index.php\/product\/navi-update-motion-download-inkl-gratis-freischaltcode\/","title":{"rendered":"BMW Navi Update MOTION 2024 Download inkl Gratis Freischaltcode"},"content":{"rendered":"BMW Navi Update MOTION 2024 Download inkl Gratis Freischaltcode\n<p><span style=\"color: #ff0000;\">NICHT F\u00dcR FAHRZEUGE BAUJAHR September\/2009 &#8211; M\u00e4rz\/2010<\/span><\/p>\n<p>&#x1f4e6; Der Versand des Download-Links erfolgt unmittelbar nach Zahlungseingang \u2013 du musst also nicht lange warten.<\/p>\n<p>&#x1f4d6; Im Lieferumfang enthalten ist eine detaillierte, bebilderte Schritt-f\u00fcr-Schritt-Anleitung, die dich sicher und verst\u00e4ndlich durch den gesamten Update-Prozess f\u00fchrt.<br \/>\nDank der klaren Darstellung gelingt das Update auch technisch weniger versierten Nutzern problemlos \u2013 Vorkenntnisse sind nicht erforderlich.<\/p>\n<p>&#x1f4be; Ein USB-Stick mit mindestens 16\u202fGB Speicher wird ben\u00f6tigt. Die Nutzung unter Windows wird empfohlen \u2013 auf Mac funktioniert es in den meisten F\u00e4llen ebenfalls.<\/p>\n<p>&#x1f510; Der Freischaltcode wird in der Regel innerhalb von 24\u201348 Stunden nach Zahlungseingang per E-Mail zugestellt \u2013 meist sogar deutlich schneller!<br \/>\nDer Code ist f\u00fcr das Update 2024 lebenslang g\u00fcltig.<\/p>\n<p>Die Wahl zwischen Ost und West wird nach Zahlungseingang gegeben. (inkl. Auflistung der L\u00e4nder)<\/p>\n\n<div class=\"sp-wrap sp-wrap-default\">\n<div class=\"sp-head\" title=\"Erweitern\">\nEuropa (West)\n<\/div>\n<div class=\"sp-body folded\">\n<\/p>\n<p>Volle Abdeckung:<br \/>\nAndorra, Belgien, D\u00e4nemark, Deutschland, Finnland, Frankreich, Gibraltar, Gro\u00dfbritannien, Irland, Italien, Liechtenstein, Luxemburg, Monaco, Niederlande, Norwegen, \u00d6sterreich, Portugal, San Marino, Spanien, Schweden, Schweiz und Vatikanstadt.<br \/>\nTeilweise Abdeckung:<br \/>\nGriechenland, Kroatien, Polen, Slowakei, Slowenien, Tschechien und Ungarn.<br \/>\nNur Hauptstra\u00dfennetz:<br \/>\nAlbanien, Bosnien &amp; Herzegowina, Bulgarien, Estland, Lettland, Litauen, Mazedonien, Moldawien, Montenegro, Rum\u00e4nien, Russland, Serbien, T\u00fcrkei, Ukraine und Wei\u00dfrussland.<\/p>\n<p>\n<div class=\"spdiv\">[Einklappen]<\/div>\n<\/div>\n<\/div>\n\n\n<div class=\"sp-wrap sp-wrap-default\">\n<div class=\"sp-head\" title=\"Erweitern\">\nEuropa (Ost)\n<\/div>\n<div class=\"sp-body folded\">\n<\/p>\n<p>Volle Abdeckung:<br \/>\nBelgien, Bulgarien, D\u00e4nemark, Deutschland, Estland, Finnland, Griechenland, Italien, Kroatien, Liechtenstein, Lettland, Litauen, Luxemburg, Niederlande, Norwegen, \u00d6sterreich, Polen, San Marino, Slowakische Republik, Slowenien, Schweden, Schweiz, Tschechische Republik, Ungarn, Vatikanstadt und Wei\u00dfrussland.<br \/>\nNur Hauptstra\u00dfennetz:<br \/>\nAlbanien, Andorra, Bosnien &amp; Herzegowina, Frankreich, Gibraltar, Gro\u00dfbritannien, Irland, Mazedonien, Moldawien, Monaco, Montenegro, Portugal und Spanien.<\/p>\n<div><\/div>\n<p>\n<div class=\"spdiv\">[Einklappen]<\/div>\n<\/div>\n<\/div>\n\n<p>&#x26a0;&#xfe0f; Bitte beachten: Es handelt sich um ein digitales Produkt.<\/p>\n<p>&#x2753; Du bist dir unsicher, ob dieses Produkt zu deinem Fahrzeug passt?<br \/>\nNutze einfach die Suchfunktion auf unserer Startseite oder informiere dich hier: <a href=\"https:\/\/carcoding.bayern\/index.php\/navi-update\/\">BMW Navi Update \u2013 Wie finde ich meine Navi-Version?<\/a><\/p>\n<p>&#x1f697; Wichtig: Dieses Update ist ausschlie\u00dflich f\u00fcr europ\u00e4ische Fahrzeuge geeignet!<br \/>\nRe-Importe oder Regionswechsel werden nicht unterst\u00fctzt. Auch werden nachger\u00fcstete Navigationssysteme nicht unterst\u00fctzt.<\/p>\n","protected":false},"excerpt":{"rendered":"<p>Kinderleichtes Update dank ausf\u00fchrlicher Anleitung, guter Support, schnelle Zustellung der ben\u00f6tigten Daten per Mail | inkl. kostenlosem Freischaltcode<\/p>\n","protected":false},"featured_media":1346841,"comment_status":"open","ping_status":"closed","template":"","meta":[],"pwb-brand":[],"product_cat":[34],"product_tag":[44,81,82,48,83,84,85,86,47,87,88,89,45,80,42,46,37,79,41,43],"class_list":{"0":"post-117","1":"product","2":"type-product","3":"status-publish","4":"has-post-thumbnail","6":"product_cat-download","7":"product_tag-bmw","8":"product_tag-e60","9":"product_tag-e61","10":"product_tag-e70","11":"product_tag-e71","12":"product_tag-e87","13":"product_tag-e88","14":"product_tag-e89","15":"product_tag-e90","16":"product_tag-e91","17":"product_tag-e92","18":"product_tag-e93","19":"product_tag-freischaltcode","20":"product_tag-fsc","21":"product_tag-karten","22":"product_tag-kostenlos","23":"product_tag-navi-update","24":"product_tag-naviupdate","25":"product_tag-software","26":"product_tag-update","27":"product_shipping_class-kostenloser-versand","29":"first","30":"instock","31":"sale","32":"downloadable","33":"taxable","34":"shipping-taxable","35":"purchasable","36":"product-type-simple"},"jetpack_sharing_enabled":true,"brands":[],"_links":{"self":[{"href":"https:\/\/carcoding.bayern\/index.php\/wp-json\/wp\/v2\/product\/117","targetHints":{"allow":["GET"]}}],"collection":[{"href":"https:\/\/carcoding.bayern\/index.php\/wp-json\/wp\/v2\/product"}],"about":[{"href":"https:\/\/carcoding.bayern\/index.php\/wp-json\/wp\/v2\/types\/product"}],"replies":[{"embeddable":true,"href":"https:\/\/carcoding.bayern\/index.php\/wp-json\/wp\/v2\/comments?post=117"}],"wp:featuredmedia":[{"embeddable":true,"href":"https:\/\/carcoding.bayern\/index.php\/wp-json\/wp\/v2\/media\/1346841"}],"wp:attachment":[{"href":"https:\/\/carcoding.bayern\/index.php\/wp-json\/wp\/v2\/media?parent=117"}],"wp:term":[{"taxonomy":"pwb-brand","embeddable":true,"href":"https:\/\/carcoding.bayern\/index.php\/wp-json\/wp\/v2\/pwb-brand?post=117"},{"taxonomy":"product_cat","embeddable":true,"href":"https:\/\/carcoding.bayern\/index.php\/wp-json\/wp\/v2\/product_cat?post=117"},{"taxonomy":"product_tag","embeddable":true,"href":"https:\/\/carcoding.bayern\/index.php\/wp-json\/wp\/v2\/product_tag?post=117"}],"curies":[{"name":"wp","href":"https:\/\/api.w.org\/{rel}","templated":true}]}}