{"id":119,"date":"2017-12-21T16:41:41","date_gmt":"2017-12-21T16:41:41","guid":{"rendered":"http:\/\/81.7.16.149\/?post_type=product&#038;p=119"},"modified":"2026-04-13T18:12:41","modified_gmt":"2026-04-13T16:12:41","slug":"navi-update-next-versand-inkl-gratis-freischaltcode","status":"publish","type":"product","link":"https:\/\/carcoding.bayern\/index.php\/product\/navi-update-next-versand-inkl-gratis-freischaltcode\/","title":{"rendered":"BMW Navi Update NEXT 2025 VERSAND inkl Gratis Freischaltcode"},"content":{"rendered":"BMW Navi Update NEXT 2025 VERSAND inkl Gratis Freischaltcode\n<p>ACHTUNG: An der Kasse werden 20 Euro Pfand aufgerechnet, welche nach R\u00fcckerhalt des USB-Sticks erstattet werden.<\/p>\n\n<div class=\"sp-wrap sp-wrap-default\">\n<div class=\"sp-head\" title=\"Erweitern\">\nABDECKUNG\n<\/div>\n<div class=\"sp-body folded\">\n<\/p>\n<h1>ABDECKUNG:<\/h1>\n<p><b>In Ost und West voll enthalten:<\/b><br \/>\nBelgien, D\u00e4nemark, Deutschland, Griechenland, Italien, Kroatien, Luxemburg, Niederlande, \u00d6sterreich, Polen, Schweiz, Slowakei, Tschechien, Ungarn, Vatikanstadt<\/p>\n<p><b>Nur in West voll enthalten:<\/b><br \/>\nAndorra, Frankreich, Gibraltar, Gro\u00dfbritannien, Irland, Liechtenstein, Malta, Monaco, Norwegen, Portugal, San Marino, Schweden, Spanien<\/p>\n<p><b>Nur in Ost voll enthalten:<\/b><br \/>\nBulgarien, Estland, Finnland, Kosovo, Lettland, Litauen, Rum\u00e4nien, Russland, Serbien, Slovenien, T\u00fcrkei, Ukraine, Wei\u00dfrussland<\/p>\n<p><b>Nur Hauptstra\u00dfen-Abdeckung in Ost und West:<\/b><br \/>\nAlbanien, Bosnien und Herzegowina, Mazedonien, Moldawien, Montenegro<\/p>\n<p>\n<div class=\"spdiv\">[Einklappen]<\/div>\n<\/div>\n<\/div>\n\n<p>Versand innerhalb von 24-48 Stunden.<\/p>\n<p><strong>Freischaltcode ist f\u00fcr dieses Update 2025 lebenslang g\u00fcltig.<\/strong><\/p>\n<p>(R\u00fccksendeetikett liegt bei)<\/p>\n<p>Dies ist ein Digitales Produkt.<\/p>\n","protected":false},"excerpt":{"rendered":"<p class=\"p1\"><span class=\"s1\">Kinderleichtes Update dank ausf\u00fchrlicher Anleitung, guter Support, kostenloser Versand | inkl. kostenlosem Freischaltcode<\/span><\/p>\n<p>&nbsp;<\/p>\n<p><span style=\"color: #ff0000;\"><a style=\"color: #ff0000;\" href=\"https:\/\/carcoding.bayern\/index.php\/product\/navi-update-2018-1-next-download-inkl-gratis-freischaltcode\/\"><strong>5 Euro sparen und sofort verf\u00fcgbar? Hier gehts zur Downloadversion einfach klicken<\/strong><\/a><\/span><\/p>\n","protected":false},"featured_media":1346843,"comment_status":"open","ping_status":"closed","template":"","meta":[],"pwb-brand":[],"product_cat":[101],"product_tag":[44,40,52,53,54,55,56,57,39,49,58,59,60,61,38,62,63,51,50,64,65,66,67,68,69,70,71,72,73,74,75,76,77,78,45,80,42,46,37,79,41,43,92,91],"class_list":{"0":"post-119","1":"product","2":"type-product","3":"status-publish","4":"has-post-thumbnail","6":"product_cat-versand","7":"product_tag-bmw","8":"product_tag-f10","9":"product_tag-f11","10":"product_tag-f12","11":"product_tag-f13","12":"product_tag-f15","13":"product_tag-f16","14":"product_tag-f18","15":"product_tag-f20","16":"product_tag-f21","17":"product_tag-f22","18":"product_tag-f23","19":"product_tag-f25","20":"product_tag-f26","21":"product_tag-f30","22":"product_tag-f31","23":"product_tag-f32","24":"product_tag-f33","25":"product_tag-f34","26":"product_tag-f35","27":"product_tag-f36","28":"product_tag-f39","29":"product_tag-f45","30":"product_tag-f46","31":"product_tag-f48","32":"product_tag-f49","33":"product_tag-f52","34":"product_tag-f80","35":"product_tag-f82","36":"product_tag-f83","37":"product_tag-f85","38":"product_tag-f86","39":"product_tag-f87","40":"product_tag-f90","41":"product_tag-freischaltcode","42":"product_tag-fsc","43":"product_tag-karten","44":"product_tag-kostenlos","45":"product_tag-navi-update","46":"product_tag-naviupdate","47":"product_tag-software","48":"product_tag-update","49":"product_tag-usb-stick","50":"product_tag-versand","51":"product_shipping_class-versandkostenpauschale","52":"product_deptype-20-00-usb-stick","54":"first","55":"instock","56":"sale","57":"downloadable","58":"taxable","59":"shipping-taxable","60":"purchasable","61":"product-type-simple"},"jetpack_sharing_enabled":true,"brands":[],"_links":{"self":[{"href":"https:\/\/carcoding.bayern\/index.php\/wp-json\/wp\/v2\/product\/119","targetHints":{"allow":["GET"]}}],"collection":[{"href":"https:\/\/carcoding.bayern\/index.php\/wp-json\/wp\/v2\/product"}],"about":[{"href":"https:\/\/carcoding.bayern\/index.php\/wp-json\/wp\/v2\/types\/product"}],"replies":[{"embeddable":true,"href":"https:\/\/carcoding.bayern\/index.php\/wp-json\/wp\/v2\/comments?post=119"}],"wp:featuredmedia":[{"embeddable":true,"href":"https:\/\/carcoding.bayern\/index.php\/wp-json\/wp\/v2\/media\/1346843"}],"wp:attachment":[{"href":"https:\/\/carcoding.bayern\/index.php\/wp-json\/wp\/v2\/media?parent=119"}],"wp:term":[{"taxonomy":"pwb-brand","embeddable":true,"href":"https:\/\/carcoding.bayern\/index.php\/wp-json\/wp\/v2\/pwb-brand?post=119"},{"taxonomy":"product_cat","embeddable":true,"href":"https:\/\/carcoding.bayern\/index.php\/wp-json\/wp\/v2\/product_cat?post=119"},{"taxonomy":"product_tag","embeddable":true,"href":"https:\/\/carcoding.bayern\/index.php\/wp-json\/wp\/v2\/product_tag?post=119"}],"curies":[{"name":"wp","href":"https:\/\/api.w.org\/{rel}","templated":true}]}}