{"id":1340653,"date":"2025-06-05T22:10:49","date_gmt":"2025-06-05T20:10:49","guid":{"rendered":"https:\/\/carcoding.bayern\/?post_type=product&#038;p=1340653"},"modified":"2025-12-16T20:00:43","modified_gmt":"2025-12-16T19:00:43","slug":"bmw-navi-update-evo-2025-1-download-inkl-gratis-freischaltcode","status":"publish","type":"product","link":"https:\/\/carcoding.bayern\/index.php\/product\/bmw-navi-update-evo-download-inkl-gratis-freischaltcode\/","title":{"rendered":"BMW Navi Update EVO 2025-3 Download inkl Gratis Freischaltcode | Europa"},"content":{"rendered":"BMW Navi Update EVO 2025-3 Download inkl Gratis Freischaltcode | Europa\n<p>&#x1f4e6; Der Versand des Download-Links erfolgt unmittelbar nach Zahlungseingang \u2013 du musst also nicht lange warten.<\/p>\n<p>&#x1f4d6; Im Lieferumfang enthalten ist eine detaillierte, bebilderte Schritt-f\u00fcr-Schritt-Anleitung, die dich sicher und verst\u00e4ndlich durch den gesamten Update-Prozess f\u00fchrt.<br \/>\nDank der klaren Darstellung gelingt das Update auch technisch weniger versierten Nutzern problemlos \u2013 Vorkenntnisse sind nicht erforderlich.<\/p>\n<p>&#x1f4be; Ein USB-Stick mit mindestens 64\u202fGB Speicher wird ben\u00f6tigt. Die Nutzung unter Windows wird empfohlen \u2013 auf Mac funktioniert es in den meisten F\u00e4llen ebenfalls.<\/p>\n<p>&#x1f510; Der Freischaltcode wird in der Regel innerhalb von 24\u201348 Stunden nach Zahlungseingang per E-Mail zugestellt \u2013 meist sogar deutlich schneller!<br \/>\nDer Code ist f\u00fcr das Update 2025-3 lebenslang g\u00fcltig.<\/p>\n<p>&#x26a0;&#xfe0f; Bitte beachten: Es handelt sich um ein digitales Produkt.<\/p>\n<p>&#x2753; Du bist dir unsicher, ob dieses Produkt zu deinem Fahrzeug passt?<br \/>\nNutze einfach die Suchfunktion auf unserer Startseite oder informiere dich hier: <a href=\"https:\/\/carcoding.bayern\/index.php\/navi-update\/\">BMW Navi Update \u2013 Wie finde ich meine Navi-Version?<\/a><\/p>\n<p>&#x1f697; Wichtig: Dieses Update ist ausschlie\u00dflich f\u00fcr europ\u00e4ische Fahrzeuge geeignet!<br \/>\nRe-Importe oder Regionswechsel werden nicht unterst\u00fctzt. Auch werden nachger\u00fcstete Navigationssysteme nicht unterst\u00fctzt.<\/p>\n","protected":false},"excerpt":{"rendered":"<p>Kinderleichtes Update dank ausf\u00fchrlicher Anleitung, guter Support, schnelle Zustellung der ben\u00f6tigten Daten per Mail | inkl. kostenlosem Freischaltcode<\/p>\n","protected":false},"featured_media":1346847,"comment_status":"open","ping_status":"closed","template":"","meta":[],"pwb-brand":[],"product_cat":[34],"product_tag":[44,90,81,82,48,83,84,85,86,47,87,88,89,213,40,52,53,54,55,56,57,39,49,58,59,60,61,38,62,63,51,50,64,65,66,67,68,69,70,71,72,73,74,75,76,77,78,93,45,80,204,207,208,209,210,200,201,206,202,203,211,212,42,46,37,79,41,43],"class_list":{"0":"post-1340653","1":"product","2":"type-product","3":"status-publish","4":"has-post-thumbnail","6":"product_cat-download","7":"product_tag-bmw","8":"product_tag-download","9":"product_tag-e60","10":"product_tag-e61","11":"product_tag-e70","12":"product_tag-e71","13":"product_tag-e87","14":"product_tag-e88","15":"product_tag-e89","16":"product_tag-e90","17":"product_tag-e91","18":"product_tag-e92","19":"product_tag-e93","20":"product_tag-evo","21":"product_tag-f10","22":"product_tag-f11","23":"product_tag-f12","24":"product_tag-f13","25":"product_tag-f15","26":"product_tag-f16","27":"product_tag-f18","28":"product_tag-f20","29":"product_tag-f21","30":"product_tag-f22","31":"product_tag-f23","32":"product_tag-f25","33":"product_tag-f26","34":"product_tag-f30","35":"product_tag-f31","36":"product_tag-f32","37":"product_tag-f33","38":"product_tag-f34","39":"product_tag-f35","40":"product_tag-f36","41":"product_tag-f39","42":"product_tag-f45","43":"product_tag-f46","44":"product_tag-f48","45":"product_tag-f49","46":"product_tag-f52","47":"product_tag-f80","48":"product_tag-f82","49":"product_tag-f83","50":"product_tag-f85","51":"product_tag-f86","52":"product_tag-f87","53":"product_tag-f90","54":"product_tag-fast","55":"product_tag-freischaltcode","56":"product_tag-fsc","57":"product_tag-g05","58":"product_tag-g07","59":"product_tag-g08","60":"product_tag-g11","61":"product_tag-g12","62":"product_tag-g20","63":"product_tag-g21","64":"product_tag-g29","65":"product_tag-g30","66":"product_tag-g31","67":"product_tag-i01","68":"product_tag-i03","69":"product_tag-karten","70":"product_tag-kostenlos","71":"product_tag-navi-update","72":"product_tag-naviupdate","73":"product_tag-software","74":"product_tag-update","75":"product_shipping_class-kostenloser-versand","77":"first","78":"instock","79":"sale","80":"downloadable","81":"taxable","82":"shipping-taxable","83":"purchasable","84":"product-type-simple"},"jetpack_sharing_enabled":true,"brands":[],"_links":{"self":[{"href":"https:\/\/carcoding.bayern\/index.php\/wp-json\/wp\/v2\/product\/1340653","targetHints":{"allow":["GET"]}}],"collection":[{"href":"https:\/\/carcoding.bayern\/index.php\/wp-json\/wp\/v2\/product"}],"about":[{"href":"https:\/\/carcoding.bayern\/index.php\/wp-json\/wp\/v2\/types\/product"}],"replies":[{"embeddable":true,"href":"https:\/\/carcoding.bayern\/index.php\/wp-json\/wp\/v2\/comments?post=1340653"}],"wp:featuredmedia":[{"embeddable":true,"href":"https:\/\/carcoding.bayern\/index.php\/wp-json\/wp\/v2\/media\/1346847"}],"wp:attachment":[{"href":"https:\/\/carcoding.bayern\/index.php\/wp-json\/wp\/v2\/media?parent=1340653"}],"wp:term":[{"taxonomy":"pwb-brand","embeddable":true,"href":"https:\/\/carcoding.bayern\/index.php\/wp-json\/wp\/v2\/pwb-brand?post=1340653"},{"taxonomy":"product_cat","embeddable":true,"href":"https:\/\/carcoding.bayern\/index.php\/wp-json\/wp\/v2\/product_cat?post=1340653"},{"taxonomy":"product_tag","embeddable":true,"href":"https:\/\/carcoding.bayern\/index.php\/wp-json\/wp\/v2\/product_tag?post=1340653"}],"curies":[{"name":"wp","href":"https:\/\/api.w.org\/{rel}","templated":true}]}}