{"id":330,"date":"2018-01-12T08:41:02","date_gmt":"2018-01-12T08:41:02","guid":{"rendered":"https:\/\/carcoding.bayern\/?post_type=product&#038;p=330"},"modified":"2025-06-21T14:10:01","modified_gmt":"2025-06-21T12:10:01","slug":"navi-update-motion-versand-inkl-gratis-kostenlosem-gratis-freischaltcode","status":"publish","type":"product","link":"https:\/\/carcoding.bayern\/index.php\/product\/navi-update-motion-versand-inkl-gratis-kostenlosem-gratis-freischaltcode\/","title":{"rendered":"BMW Navi Update MOTION 2024 VERSAND inkl Gratis Freischaltcode"},"content":{"rendered":"BMW Navi Update MOTION 2024 VERSAND inkl Gratis Freischaltcode\n<p><span style=\"color: #ff0000;\">NICHT F\u00dcR FAHRZEUGE BAUJAHR September\/2009 &#8211; M\u00e4rz\/2010<\/span><\/p>\n<p>2023 ist die einzige Version f\u00fcr das Jahr 2024. Es wird keine Version 2024-1 oder 2024-2 geben.<\/p>\n\n<div class=\"sp-wrap sp-wrap-default\">\n<div class=\"sp-head\" title=\"Erweitern\">\nEuropa (West)\n<\/div>\n<div class=\"sp-body folded\">\n<\/p>\n<p>Volle Abdeckung:<br \/>\nAndorra, Belgien, D\u00e4nemark, Deutschland, Finnland, Frankreich, Gibraltar, Gro\u00dfbritannien, Irland, Italien, Liechtenstein, Luxemburg, Monaco, Niederlande, Norwegen, \u00d6sterreich, Portugal, San Marino, Spanien, Schweden, Schweiz und Vatikanstadt.<br \/>\nTeilweise Abdeckung:<br \/>\nGriechenland, Kroatien, Polen, Slowakei, Slowenien, Tschechien und Ungarn.<br \/>\nNur Hauptstra\u00dfennetz:<br \/>\nAlbanien, Bosnien &amp; Herzegowina, Bulgarien, Estland, Lettland, Litauen, Mazedonien, Moldawien, Montenegro, Rum\u00e4nien, Russland, Serbien, T\u00fcrkei, Ukraine und Wei\u00dfrussland.<\/p>\n<p>\n<div class=\"spdiv\">[Einklappen]<\/div>\n<\/div>\n<\/div>\n\n\n<div class=\"sp-wrap sp-wrap-default\">\n<div class=\"sp-head\" title=\"Erweitern\">\nEuropa (Ost)\n<\/div>\n<div class=\"sp-body folded\">\n<\/p>\n<p>Volle Abdeckung:<br \/>\nBelgien, Bulgarien, D\u00e4nemark, Deutschland, Estland, Finnland, Griechenland, Italien, Kroatien, Liechtenstein, Lettland, Litauen, Luxemburg, Niederlande, Norwegen, \u00d6sterreich, Polen, San Marino, Slowakische Republik, Slowenien, Schweden, Schweiz, Tschechische Republik, Ungarn, Vatikanstadt und Wei\u00dfrussland.<br \/>\nNur Hauptstra\u00dfennetz:<br \/>\nAlbanien, Andorra, Bosnien &amp; Herzegowina, Frankreich, Gibraltar, Gro\u00dfbritannien, Irland, Mazedonien, Moldawien, Monaco, Montenegro, Portugal und Spanien.<\/p>\n<div><\/div>\n<p>\n<div class=\"spdiv\">[Einklappen]<\/div>\n<\/div>\n<\/div>\n\n<p>ACHTUNG: An der Kasse werden 20 Euro Pfand aufgerechnet, welche nach R\u00fcckerhalt des USB-Sticks erstattet werden.<\/p>\n<p>Versand innerhalb von 24-48 Stunden.<\/p>\n<p><strong>Freischaltcode ist f\u00fcr dieses Update 2023 lebenslang g\u00fcltig.<\/strong><\/p>\n<p>(R\u00fccksendeetikett liegt bei)<\/p>\n<p>Dies ist ein Digitales Produkt.<\/p>\n","protected":false},"excerpt":{"rendered":"<p class=\"p1\"><span class=\"s1\">Kinderleichtes Update dank ausf\u00fchrlicher Anleitung, guter Support, kostenloser Versand | inkl. kostenlosem Freischaltcode<\/span><\/p>\n<p>&nbsp;<\/p>\n<p><a href=\"https:\/\/carcoding.bayern\/index.php\/product\/navi-update-2018-1-motion-download-inkl-gratis-freischaltcode\/\"><strong><span style=\"color: #ff0000;\">5 Euro sparen und sofort verf\u00fcgbar? Hier gehts zur Downloadversion einfach klicken<\/span><\/strong><\/a><\/p>\n","protected":false},"featured_media":1346841,"comment_status":"open","ping_status":"closed","template":"","meta":[],"pwb-brand":[],"product_cat":[101],"product_tag":[44,81,82,48,83,84,85,86,47,87,88,89,45,80,42,46,37,79,41,43,92,91],"class_list":{"0":"post-330","1":"product","2":"type-product","3":"status-publish","4":"has-post-thumbnail","6":"product_cat-versand","7":"product_tag-bmw","8":"product_tag-e60","9":"product_tag-e61","10":"product_tag-e70","11":"product_tag-e71","12":"product_tag-e87","13":"product_tag-e88","14":"product_tag-e89","15":"product_tag-e90","16":"product_tag-e91","17":"product_tag-e92","18":"product_tag-e93","19":"product_tag-freischaltcode","20":"product_tag-fsc","21":"product_tag-karten","22":"product_tag-kostenlos","23":"product_tag-navi-update","24":"product_tag-naviupdate","25":"product_tag-software","26":"product_tag-update","27":"product_tag-usb-stick","28":"product_tag-versand","29":"product_shipping_class-versandkostenpauschale","30":"product_deptype-20-00-usb-stick","32":"first","33":"instock","34":"sale","35":"downloadable","36":"taxable","37":"shipping-taxable","38":"purchasable","39":"product-type-simple"},"jetpack_sharing_enabled":true,"brands":[],"_links":{"self":[{"href":"https:\/\/carcoding.bayern\/index.php\/wp-json\/wp\/v2\/product\/330","targetHints":{"allow":["GET"]}}],"collection":[{"href":"https:\/\/carcoding.bayern\/index.php\/wp-json\/wp\/v2\/product"}],"about":[{"href":"https:\/\/carcoding.bayern\/index.php\/wp-json\/wp\/v2\/types\/product"}],"replies":[{"embeddable":true,"href":"https:\/\/carcoding.bayern\/index.php\/wp-json\/wp\/v2\/comments?post=330"}],"wp:featuredmedia":[{"embeddable":true,"href":"https:\/\/carcoding.bayern\/index.php\/wp-json\/wp\/v2\/media\/1346841"}],"wp:attachment":[{"href":"https:\/\/carcoding.bayern\/index.php\/wp-json\/wp\/v2\/media?parent=330"}],"wp:term":[{"taxonomy":"pwb-brand","embeddable":true,"href":"https:\/\/carcoding.bayern\/index.php\/wp-json\/wp\/v2\/pwb-brand?post=330"},{"taxonomy":"product_cat","embeddable":true,"href":"https:\/\/carcoding.bayern\/index.php\/wp-json\/wp\/v2\/product_cat?post=330"},{"taxonomy":"product_tag","embeddable":true,"href":"https:\/\/carcoding.bayern\/index.php\/wp-json\/wp\/v2\/product_tag?post=330"}],"curies":[{"name":"wp","href":"https:\/\/api.w.org\/{rel}","templated":true}]}}