{"id":332,"date":"2018-01-12T08:42:23","date_gmt":"2018-01-12T08:42:23","guid":{"rendered":"https:\/\/carcoding.bayern\/?post_type=product&#038;p=332"},"modified":"2025-06-21T14:09:00","modified_gmt":"2025-06-21T12:09:00","slug":"bmw-navi-update-premium-versand-inkl-gratis-kostenlosem-freischaltcode","status":"publish","type":"product","link":"https:\/\/carcoding.bayern\/index.php\/product\/bmw-navi-update-premium-versand-inkl-gratis-kostenlosem-freischaltcode\/","title":{"rendered":"BMW Navi Update PREMIUM 2025-2 VERSAND inkl Gratis Freischaltcode"},"content":{"rendered":"BMW Navi Update PREMIUM 2025-2 VERSAND inkl Gratis Freischaltcode\n<p>ACHTUNG: An der Kasse werden 20 Euro Pfand aufgerechnet, welche nach R\u00fcckerhalt des USB-Sticks erstattet werden.<\/p>\n<p>Versand innerhalb von 24-48 Stunden.<\/p>\n<p><strong>Freischaltcode ist f\u00fcr dieses Update 2025-2 lebenslang g\u00fcltig.<\/strong><\/p>\n\n<div class=\"sp-wrap sp-wrap-red\">\n<div class=\"sp-head\" title=\"Erweitern\">\nFahrzeug vor BJ 04\/2010?\n<\/div>\n<div class=\"sp-body folded\">\n<\/p>\n<h2>F\u00fcr Fahrzeuge vor 04\/2010:<\/h2>\n<h6>Vor der Bestellung f\u00fcr Fahrzeug vor <b>Baujahr 2010\/04<\/b> bitte \u00fcberpr\u00fcfen, ob auf der Karte unten Links in der Ecke ein i mit einem Hacken vorhanden ist (siehe Bild unten). Sollte dies nicht vorhanden sein, ist ein Fahrzeug-Update bei BMW vor Kauf n\u00f6tig. Bei allen N54 Fahrzeugen wurde ein Fahrzeug-Update 2013 gemacht.<\/h6>\n<p><img decoding=\"async\" class=\"alignnone wp-image-908\" src=\"https:\/\/carcoding.bayern\/wp-content\/uploads\/2018\/11\/ciccheck-300x117.jpg\" alt=\"\" width=\"254\" height=\"99\" srcset=\"https:\/\/carcoding.bayern\/wp-content\/uploads\/2018\/11\/ciccheck-300x117.jpg 300w, https:\/\/carcoding.bayern\/wp-content\/uploads\/2018\/11\/ciccheck.jpg 413w\" sizes=\"(max-width: 254px) 100vw, 254px\" \/><\/p>\n<h6>Alternativer Test:<\/h6>\n<h6><a data-topotext=\"[{&quot;attributes&quot;:{&quot;tombstoned&quot;:false,&quot;uniqueId&quot;:2,&quot;paragraphStyle&quot;:{&quot;writingDirection&quot;:1}},&quot;codePoints&quot;:[32,83,111,102,101,114,110,32,100,101,114,32,101,114,115,116,101,32,66,117,99,104,115,116,97,98,101,32,100,101,114,32,83,111,102,116,119,97,114,101,45,86,101,114,115,105,111,110,32,40,122,46,66,46,58,32,67,73,67,95,73,120,120,120,120,120,120,41,32,73,44,32,74,44,32,75,44,32,76,32,111,100,101,114,32,77,32,101,110,116,115,112,114,105,99,104,116,44,32,107,97,110,110,32,100,97,115,32,85,112,100,97,116,101,32,109,105,116,116,101,108,115,32,85,83,66,45,83,116,105,99,107,32,100,117,114,99,104,103,101,102,252,104,114,116,32,119,101,114,100,101,110,46,32]}]\">\u200bUm die Version zu Checken einfach auf dem Controller auf Navigation -&gt; Option -&gt; ganz unten &#8222;Version Navigationssystem&#8220; Dort steht es dann. <\/a><\/h6>\n<h6><a data-topotext=\"[{&quot;attributes&quot;:{&quot;tombstoned&quot;:false,&quot;uniqueId&quot;:2,&quot;paragraphStyle&quot;:{&quot;writingDirection&quot;:1}},&quot;codePoints&quot;:[32,83,111,102,101,114,110,32,100,101,114,32,101,114,115,116,101,32,66,117,99,104,115,116,97,98,101,32,100,101,114,32,83,111,102,116,119,97,114,101,45,86,101,114,115,105,111,110,32,40,122,46,66,46,58,32,67,73,67,95,73,120,120,120,120,120,120,41,32,73,44,32,74,44,32,75,44,32,76,32,111,100,101,114,32,77,32,101,110,116,115,112,114,105,99,104,116,44,32,107,97,110,110,32,100,97,115,32,85,112,100,97,116,101,32,109,105,116,116,101,108,115,32,85,83,66,45,83,116,105,99,107,32,100,117,114,99,104,103,101,102,252,104,114,116,32,119,101,114,100,101,110,46,32]}]\">Sofern der erste Buchstabe der Software-Version <strong>(z.B.: CIC_Ixxxxxx) I, J, K, L oder M<\/strong> entspricht, kann das Update mittels USB-Stick durchgef\u00fchrt werden.<\/a><\/h6>\n<p>\n<div class=\"spdiv\">[Einklappen]<\/div>\n<\/div>\n<\/div>\n\n\n<div class=\"sp-wrap sp-wrap-default\">\n<div class=\"sp-head\" title=\"Erweitern\">\nVersion West\n<\/div>\n<div class=\"sp-body folded\">\n<\/p>\n<h1>WEST<\/h1>\n<p>Volle Abdeckung:<\/p>\n<p>Andorra, Belgien, D\u00e4nemark, Deutschland, Finnland, Frankreich, Gibraltar, Gro\u00dfbritannien, Irland, Italien, Liechtenstein, Luxemburg, Monaco, Niederlande, Norwegen, \u00d6sterreich, Portugal, San Marino, Spanien, Schweden, Schweiz und Vatikanstadt.<br \/>\nTeilweise Abdeckung<\/p>\n<p>Griechenland, Kroatien, Polen, Slowakei, Slowenien, Tschechien und Ungarn.<br \/>\nNur Hauptstra\u00dfennetz<\/p>\n<p>Albanien, Bosnien &amp; Herzegowina, Bulgarien, Estland, Lettland, Litauen, Mazedonien, Moldawien, Montenegro, Rum\u00e4nien, Russland, Serbien, T\u00fcrkei, Ukraine und Wei\u00dfrussland.<\/p>\n<p>\n<div class=\"spdiv\">[Einklappen]<\/div>\n<\/div>\n<\/div>\n\n\n<div class=\"sp-wrap sp-wrap-default\">\n<div class=\"sp-head\" title=\"Erweitern\">\nVersion East\n<\/div>\n<div class=\"sp-body folded\">\n<\/p>\n<h1>EAST<\/h1>\n<p>Volle Abdeckung<\/p>\n<p>Belgien, D\u00e4nemark, Deutschland, Finnland, Italien, Liechtenstein, Luxemburg, Niederlande, Norwegen, \u00d6sterreich, San Marino, Schweden, Schweiz, Tschechien und Vatikanstadt.<br \/>\nTeilweise Abdeckung<\/p>\n<p>Bulgarien, Estland, Griechenland, Kroatien, Lettland, Litauen, Polen, Rum\u00e4nien, Russland, Serbien, Slowakei, Slowenien, T\u00fcrkei, Ukraine, Ungarn und Wei\u00dfrussland.<br \/>\nNur Hauptstra\u00dfennetz<\/p>\n<p>Albanien, Andorra, Bosnien &amp; Herzegowina, Frankreich, Gibraltar, Gro\u00dfbritannien, Irland, Mazedonien, Moldawien, Monaco, Montenegro, Portugal und Spanien.<\/p>\n<p>\n<div class=\"spdiv\">[Einklappen]<\/div>\n<\/div>\n<\/div>\n\n<p>Dies ist ein Digitales Produkt.<\/p>\n","protected":false},"excerpt":{"rendered":"<p class=\"p1\"><span class=\"s1\">Kinderleichtes Update dank ausf\u00fchrlicher Anleitung, guter Support, kostenloser Versand | inkl. kostenlosem Freischaltcode<\/span><\/p>\n<p>&nbsp;<\/p>\n<p><a href=\"https:\/\/carcoding.bayern\/index.php\/product\/navi-update-2018-1-premium-download-inkl-gratis-freischaltcode\/\"><strong><span style=\"color: #ff0000;\">5 Euro sparen und sofort verf\u00fcgbar? Hier gehts zur Downloadversion einfach klicken<\/span><\/strong><\/a><\/p>\n","protected":false},"featured_media":1346844,"comment_status":"open","ping_status":"closed","template":"","meta":[],"pwb-brand":[],"product_cat":[101],"product_tag":[44,81,82,48,83,84,85,86,47,87,88,89,40,52,53,54,55,56,57,39,49,58,59,60,61,38,62,63,51,50,64,65,66,67,68,69,70,71,72,73,74,75,76,77,78,45,80,42,46,37,79,41,43,92,91],"class_list":{"0":"post-332","1":"product","2":"type-product","3":"status-publish","4":"has-post-thumbnail","6":"product_cat-versand","7":"product_tag-bmw","8":"product_tag-e60","9":"product_tag-e61","10":"product_tag-e70","11":"product_tag-e71","12":"product_tag-e87","13":"product_tag-e88","14":"product_tag-e89","15":"product_tag-e90","16":"product_tag-e91","17":"product_tag-e92","18":"product_tag-e93","19":"product_tag-f10","20":"product_tag-f11","21":"product_tag-f12","22":"product_tag-f13","23":"product_tag-f15","24":"product_tag-f16","25":"product_tag-f18","26":"product_tag-f20","27":"product_tag-f21","28":"product_tag-f22","29":"product_tag-f23","30":"product_tag-f25","31":"product_tag-f26","32":"product_tag-f30","33":"product_tag-f31","34":"product_tag-f32","35":"product_tag-f33","36":"product_tag-f34","37":"product_tag-f35","38":"product_tag-f36","39":"product_tag-f39","40":"product_tag-f45","41":"product_tag-f46","42":"product_tag-f48","43":"product_tag-f49","44":"product_tag-f52","45":"product_tag-f80","46":"product_tag-f82","47":"product_tag-f83","48":"product_tag-f85","49":"product_tag-f86","50":"product_tag-f87","51":"product_tag-f90","52":"product_tag-freischaltcode","53":"product_tag-fsc","54":"product_tag-karten","55":"product_tag-kostenlos","56":"product_tag-navi-update","57":"product_tag-naviupdate","58":"product_tag-software","59":"product_tag-update","60":"product_tag-usb-stick","61":"product_tag-versand","62":"product_shipping_class-versandkostenpauschale","63":"product_deptype-20-00-usb-stick","65":"first","66":"instock","67":"sale","68":"downloadable","69":"taxable","70":"shipping-taxable","71":"purchasable","72":"product-type-simple"},"jetpack_sharing_enabled":true,"brands":[],"_links":{"self":[{"href":"https:\/\/carcoding.bayern\/index.php\/wp-json\/wp\/v2\/product\/332","targetHints":{"allow":["GET"]}}],"collection":[{"href":"https:\/\/carcoding.bayern\/index.php\/wp-json\/wp\/v2\/product"}],"about":[{"href":"https:\/\/carcoding.bayern\/index.php\/wp-json\/wp\/v2\/types\/product"}],"replies":[{"embeddable":true,"href":"https:\/\/carcoding.bayern\/index.php\/wp-json\/wp\/v2\/comments?post=332"}],"wp:featuredmedia":[{"embeddable":true,"href":"https:\/\/carcoding.bayern\/index.php\/wp-json\/wp\/v2\/media\/1346844"}],"wp:attachment":[{"href":"https:\/\/carcoding.bayern\/index.php\/wp-json\/wp\/v2\/media?parent=332"}],"wp:term":[{"taxonomy":"pwb-brand","embeddable":true,"href":"https:\/\/carcoding.bayern\/index.php\/wp-json\/wp\/v2\/pwb-brand?post=332"},{"taxonomy":"product_cat","embeddable":true,"href":"https:\/\/carcoding.bayern\/index.php\/wp-json\/wp\/v2\/product_cat?post=332"},{"taxonomy":"product_tag","embeddable":true,"href":"https:\/\/carcoding.bayern\/index.php\/wp-json\/wp\/v2\/product_tag?post=332"}],"curies":[{"name":"wp","href":"https:\/\/api.w.org\/{rel}","templated":true}]}}