{"id":624,"date":"2018-05-30T13:47:05","date_gmt":"2018-05-30T13:47:05","guid":{"rendered":"https:\/\/carcoding.bayern\/?post_type=product&#038;p=624"},"modified":"2025-08-12T14:10:14","modified_gmt":"2025-08-12T12:10:14","slug":"navi-update-route-download-inkl-gratis-freischaltcode","status":"publish","type":"product","link":"https:\/\/carcoding.bayern\/index.php\/product\/navi-update-route-download-inkl-gratis-freischaltcode\/","title":{"rendered":"BMW Navi Update ROUTE 2025 Download inkl Gratis Freischaltcode"},"content":{"rendered":"BMW Navi Update ROUTE 2025 Download inkl Gratis Freischaltcode\n<p>&#x1f4e6; Der Versand des Download-Links erfolgt unmittelbar nach Zahlungseingang \u2013 du musst also nicht lange warten.<\/p>\n<p>&#x1f4d6; Im Lieferumfang enthalten ist eine detaillierte, bebilderte Schritt-f\u00fcr-Schritt-Anleitung, die dich sicher und verst\u00e4ndlich durch den gesamten Update-Prozess f\u00fchrt.<br \/>\nDank der klaren Darstellung gelingt das Update auch technisch weniger versierten Nutzern problemlos \u2013 Vorkenntnisse sind nicht erforderlich.<\/p>\n<p>&#x1f4be; Ein USB-Stick mit mindestens 32\u202fGB Speicher wird ben\u00f6tigt. Die Nutzung unter Windows wird empfohlen \u2013 auf Mac funktioniert es in den meisten F\u00e4llen ebenfalls.<\/p>\n<p>&#x1f510; Der Freischaltcode wird in der Regel innerhalb von 24\u201348 Stunden nach Zahlungseingang per E-Mail zugestellt \u2013 meist sogar deutlich schneller!<br \/>\nDer Code ist f\u00fcr das Update 2025 lebenslang g\u00fcltig.<\/p>\n<p>Es stehen OST und WEST zum Download bereit. Es kann jeweils nur eine Version installiert werden. Ein Wechsel der Version ist jederzeit m\u00f6glich. Freischaltcode ist gleich.<\/p>\n<p>Auflistung der L\u00e4nder:<\/p>\n\n<div class=\"sp-wrap sp-wrap-default\">\n<div class=\"sp-head\" title=\"Erweitern\">\nEuropa (West)\n<\/div>\n<div class=\"sp-body folded\">\n<\/p>\n<p><b>WEST<\/b><\/p>\n<p><b>Vollst\u00e4ndige Abdeckung:<\/b><br \/>\nAndorra, Belgium, Germany, Germany, Finland, France, Greece, Gibraltar, Great Britain, Ireland, Italy, Croatia, Liechtenstein, Luxembourg, Monaco, Niederlande, Norwegen, Sterreich, Poland, Portugal, San Marino, Slowakische Republik, Slovenia, Spain , Sweden, Switzerland, Czech Republik, Hungary, State of Vatican.<\/p>\n<p><b>Nur Hauptstrassen:<\/b><br \/>\nAlbania, Russia, Bosnien and Herzegowina, Bulgarien, Estland, Lettland, Litauen, Mazedonien, Moldawien, Montenegro, Romania, Serbian, Turkey and Ukraine.<\/p>\n<p>\n<div class=\"spdiv\">[Einklappen]<\/div>\n<\/div>\n<\/div>\n\n\n<div class=\"sp-wrap sp-wrap-default\">\n<div class=\"sp-head\" title=\"Erweitern\">\nEuropa (Ost)\n<\/div>\n<div class=\"sp-body folded\">\n<\/p>\n<p><b>EAST<\/b><\/p>\n<p><b>Vollst\u00e4ndige Abdeckung:<\/b><br \/>\nBelgien, Bulgaria, Germany, Estonia, Finland, Greece, Italy, Croatia, Liechtenstein, Lettland, Litauen, Luxembourg, Niederlande, Norwegen, Sterreich, Poland, San Marino, Slovakia, Slovenia, Sweden, Switzerland, Czech Republik, Hungary, Vatykan State , Russia.<\/p>\n<p><b>Nur Hauptstrassen:<\/b><br \/>\nAlbanien, Andorra, Bosnien and Herzegowina, France, Gibraltar, Great Britain, Ireland, Mazedonien, Moldawien, Monaco, Montenegro, Portugal and Spain.<\/p>\n<p>\n<div class=\"spdiv\">[Einklappen]<\/div>\n<\/div>\n<\/div>\n\n<p>&#x26a0;&#xfe0f; Bitte beachten: Es handelt sich um ein digitales Produkt.<\/p>\n<p>&#x2753; Du bist dir unsicher, ob dieses Produkt zu deinem Fahrzeug passt?<br \/>\nNutze einfach die Suchfunktion auf unserer Startseite oder informiere dich hier: <a href=\"https:\/\/carcoding.bayern\/index.php\/navi-update\/\">BMW Navi Update \u2013 Wie finde ich meine Navi-Version?<\/a><\/p>\n<p>&#x1f697; Wichtig: Dieses Update ist ausschlie\u00dflich f\u00fcr europ\u00e4ische Fahrzeuge geeignet!<br \/>\nRe-Importe oder Regionswechsel werden nicht unterst\u00fctzt. Auch werden nachger\u00fcstete Navigationssysteme nicht unterst\u00fctzt.<\/p>\n","protected":false},"excerpt":{"rendered":"<p>Kinderleichtes Update dank ausf\u00fchrlicher Anleitung, guter Support, schnelle Zustellung der ben\u00f6tigten Daten per Mail | inkl. kostenlosem Freischaltcode<\/p>\n","protected":false},"featured_media":1346845,"comment_status":"open","ping_status":"closed","template":"","meta":[],"pwb-brand":[],"product_cat":[34],"product_tag":[44,40,52,53,54,55,56,57,39,49,58,59,60,61,38,62,63,51,50,64,65,66,67,68,69,70,71,72,73,74,75,76,77,78,45,80,42,46,37,79,41,43],"class_list":{"0":"post-624","1":"product","2":"type-product","3":"status-publish","4":"has-post-thumbnail","6":"product_cat-download","7":"product_tag-bmw","8":"product_tag-f10","9":"product_tag-f11","10":"product_tag-f12","11":"product_tag-f13","12":"product_tag-f15","13":"product_tag-f16","14":"product_tag-f18","15":"product_tag-f20","16":"product_tag-f21","17":"product_tag-f22","18":"product_tag-f23","19":"product_tag-f25","20":"product_tag-f26","21":"product_tag-f30","22":"product_tag-f31","23":"product_tag-f32","24":"product_tag-f33","25":"product_tag-f34","26":"product_tag-f35","27":"product_tag-f36","28":"product_tag-f39","29":"product_tag-f45","30":"product_tag-f46","31":"product_tag-f48","32":"product_tag-f49","33":"product_tag-f52","34":"product_tag-f80","35":"product_tag-f82","36":"product_tag-f83","37":"product_tag-f85","38":"product_tag-f86","39":"product_tag-f87","40":"product_tag-f90","41":"product_tag-freischaltcode","42":"product_tag-fsc","43":"product_tag-karten","44":"product_tag-kostenlos","45":"product_tag-navi-update","46":"product_tag-naviupdate","47":"product_tag-software","48":"product_tag-update","49":"product_shipping_class-kostenloser-versand","51":"first","52":"instock","53":"sale","54":"downloadable","55":"taxable","56":"shipping-taxable","57":"purchasable","58":"product-type-simple"},"jetpack_sharing_enabled":true,"brands":[],"_links":{"self":[{"href":"https:\/\/carcoding.bayern\/index.php\/wp-json\/wp\/v2\/product\/624","targetHints":{"allow":["GET"]}}],"collection":[{"href":"https:\/\/carcoding.bayern\/index.php\/wp-json\/wp\/v2\/product"}],"about":[{"href":"https:\/\/carcoding.bayern\/index.php\/wp-json\/wp\/v2\/types\/product"}],"replies":[{"embeddable":true,"href":"https:\/\/carcoding.bayern\/index.php\/wp-json\/wp\/v2\/comments?post=624"}],"wp:featuredmedia":[{"embeddable":true,"href":"https:\/\/carcoding.bayern\/index.php\/wp-json\/wp\/v2\/media\/1346845"}],"wp:attachment":[{"href":"https:\/\/carcoding.bayern\/index.php\/wp-json\/wp\/v2\/media?parent=624"}],"wp:term":[{"taxonomy":"pwb-brand","embeddable":true,"href":"https:\/\/carcoding.bayern\/index.php\/wp-json\/wp\/v2\/pwb-brand?post=624"},{"taxonomy":"product_cat","embeddable":true,"href":"https:\/\/carcoding.bayern\/index.php\/wp-json\/wp\/v2\/product_cat?post=624"},{"taxonomy":"product_tag","embeddable":true,"href":"https:\/\/carcoding.bayern\/index.php\/wp-json\/wp\/v2\/product_tag?post=624"}],"curies":[{"name":"wp","href":"https:\/\/api.w.org\/{rel}","templated":true}]}}